{"id":520,"date":"2020-08-27T19:20:44","date_gmt":"2020-08-27T22:20:44","guid":{"rendered":"http:\/\/fernandezcaetano.com\/?page_id=520"},"modified":"2020-09-30T15:12:26","modified_gmt":"2020-09-30T18:12:26","slug":"inicio","status":"publish","type":"page","link":"https:\/\/fernandezcaetano.com\/","title":{"rendered":"Inicio"},"content":{"rendered":"<h1>Fern\u00e1ndez Caetano y Asociados<\/h1>\n<h4><em>Abogados &#8211; Luj\u00e1n de Cuyo &#8211; Mendoza<\/em><\/h4>\n<h5>Brindamos asesoramiento legal de calidad en forma personalizada, contamos con abogados especialista en cada \u00e1rea de pr\u00e1ctica y con la experiencia y trayectoria de mas de 55 a\u00f1os acompa\u00f1ando a nuestros clientes.<\/h5>\n<h5>Trabajamos con inteligencia, creatividad y decisi\u00f3n para obtener los mejores resultados para nuestros clientes<\/h5>\n\n\n<p><\/p>\n","protected":false},"excerpt":{"rendered":"<p>Fern\u00e1ndez Caetano y Asociados Abogados &#8211; Luj\u00e1n de Cuyo &#8211; Mendoza Brindamos asesoramiento legal de calidad en forma personalizada, contamos con abogados especialista en cada \u00e1rea de pr\u00e1ctica y con la experiencia y trayectoria de mas de 55 a\u00f1os acompa\u00f1ando a nuestros clientes. Trabajamos con inteligencia, creatividad y decisi\u00f3n para obtener los mejores resultados para [&hellip;]<\/p>\n","protected":false},"author":1,"featured_media":0,"parent":0,"menu_order":0,"comment_status":"closed","ping_status":"closed","template":"","meta":{"footnotes":""},"class_list":["post-520","page","type-page","status-publish","hentry"],"_links":{"self":[{"href":"https:\/\/fernandezcaetano.com\/index.php\/wp-json\/wp\/v2\/pages\/520","targetHints":{"allow":["GET"]}}],"collection":[{"href":"https:\/\/fernandezcaetano.com\/index.php\/wp-json\/wp\/v2\/pages"}],"about":[{"href":"https:\/\/fernandezcaetano.com\/index.php\/wp-json\/wp\/v2\/types\/page"}],"author":[{"embeddable":true,"href":"https:\/\/fernandezcaetano.com\/index.php\/wp-json\/wp\/v2\/users\/1"}],"replies":[{"embeddable":true,"href":"https:\/\/fernandezcaetano.com\/index.php\/wp-json\/wp\/v2\/comments?post=520"}],"version-history":[{"count":10,"href":"https:\/\/fernandezcaetano.com\/index.php\/wp-json\/wp\/v2\/pages\/520\/revisions"}],"predecessor-version":[{"id":561,"href":"https:\/\/fernandezcaetano.com\/index.php\/wp-json\/wp\/v2\/pages\/520\/revisions\/561"}],"wp:attachment":[{"href":"https:\/\/fernandezcaetano.com\/index.php\/wp-json\/wp\/v2\/media?parent=520"}],"curies":[{"name":"wp","href":"https:\/\/api.w.org\/{rel}","templated":true}]}}