{"id":7,"date":"2018-11-06T16:27:57","date_gmt":"2018-11-06T19:27:57","guid":{"rendered":"http:\/\/fernandezcaetano.com\/?page_id=7"},"modified":"2019-04-24T17:23:18","modified_gmt":"2019-04-24T20:23:18","slug":"nuestra-firma","status":"publish","type":"page","link":"https:\/\/fernandezcaetano.com\/index.php\/nuestra-firma\/","title":{"rendered":"Nuestra Firma"},"content":{"rendered":"<h5><span style=\"vertical-align: inherit;\"><span style=\"vertical-align: inherit;\"><span style=\"vertical-align: inherit;\"><span style=\"vertical-align: inherit;\"><span style=\"vertical-align: inherit;\"><span style=\"vertical-align: inherit;\">Fernandez Caetano &amp; Asociados fue fundada en 1973, nuestro estudio se encuentra en la ciudad de Luj\u00e1n de Cuyo, Mendoza, Argentina.<\/span><\/span><\/span><\/span><\/span><\/span><\/h5>\n<h5><span style=\"vertical-align: inherit;\"><span style=\"vertical-align: inherit;\"><span style=\"vertical-align: inherit;\"><span style=\"vertical-align: inherit;\"><span style=\"vertical-align: inherit;\"><span style=\"vertical-align: inherit;\">El principal objetivo de nuestro estudio es no solo la soluci\u00f3n del conflicto de nuestros clientes, sino la prevenci\u00f3n efectiva de los mismos dentro de su rama espec\u00edfica,\u00a0 pero tambi\u00e9n con una visi\u00f3n global del derecho logrando as\u00ed una soluci\u00f3n m\u00e1s eficiente e integral, generando con nuestros clientes una relaci\u00f3n de confianza mutua, discreta, \u00e1gil, continua, responsable y siempre \u00a0teniendo como objetivo superior alcanzar la excelencia en el servicio que prestamos.<\/span><\/span><\/span><\/span><\/span><\/span><\/h5>\n<h5><span style=\"vertical-align: inherit;\"><span style=\"vertical-align: inherit;\"><span style=\"vertical-align: inherit;\"><span style=\"vertical-align: inherit;\"><span style=\"vertical-align: inherit;\"><span style=\"vertical-align: inherit;\">Nuestro estudio mantiene\u00a0 una estricta confidencialidad sobre la identidad y relaci\u00f3n con sus clientes, manteniendo una estrecha y permanente comunicaci\u00f3n con los mismos para dar soluci\u00f3n a sus necesidades.<\/span><\/span><\/span><\/span><\/span><\/span><\/h5>\n<h5><span style=\"vertical-align: inherit;\"><span style=\"vertical-align: inherit;\"><span style=\"vertical-align: inherit;\"><span style=\"vertical-align: inherit;\"><span style=\"vertical-align: inherit;\"><span style=\"vertical-align: inherit;\">Nos interiorizamos en las actividades de nuestros clientes para comprender sus necesidades y darles el acompa\u00f1amiento profesional adecuado para alcanzar sus proyectos y metas.<\/span><\/span><\/span><\/span><\/span><\/span><\/h5>\n","protected":false},"excerpt":{"rendered":"<p>Fernandez Caetano &amp; Asociados fue fundada en 1973, nuestro estudio se encuentra en la ciudad de Luj\u00e1n de Cuyo, Mendoza, Argentina. El principal objetivo de nuestro estudio es no solo la soluci\u00f3n del conflicto de nuestros clientes, sino la prevenci\u00f3n efectiva de los mismos dentro de su rama espec\u00edfica,\u00a0 pero tambi\u00e9n con una visi\u00f3n global [&hellip;]<\/p>\n","protected":false},"author":1,"featured_media":0,"parent":0,"menu_order":0,"comment_status":"closed","ping_status":"closed","template":"","meta":{"footnotes":""},"class_list":["post-7","page","type-page","status-publish","hentry"],"_links":{"self":[{"href":"https:\/\/fernandezcaetano.com\/index.php\/wp-json\/wp\/v2\/pages\/7","targetHints":{"allow":["GET"]}}],"collection":[{"href":"https:\/\/fernandezcaetano.com\/index.php\/wp-json\/wp\/v2\/pages"}],"about":[{"href":"https:\/\/fernandezcaetano.com\/index.php\/wp-json\/wp\/v2\/types\/page"}],"author":[{"embeddable":true,"href":"https:\/\/fernandezcaetano.com\/index.php\/wp-json\/wp\/v2\/users\/1"}],"replies":[{"embeddable":true,"href":"https:\/\/fernandezcaetano.com\/index.php\/wp-json\/wp\/v2\/comments?post=7"}],"version-history":[{"count":7,"href":"https:\/\/fernandezcaetano.com\/index.php\/wp-json\/wp\/v2\/pages\/7\/revisions"}],"predecessor-version":[{"id":356,"href":"https:\/\/fernandezcaetano.com\/index.php\/wp-json\/wp\/v2\/pages\/7\/revisions\/356"}],"wp:attachment":[{"href":"https:\/\/fernandezcaetano.com\/index.php\/wp-json\/wp\/v2\/media?parent=7"}],"curies":[{"name":"wp","href":"https:\/\/api.w.org\/{rel}","templated":true}]}}